{"id":291,"date":"2022-02-17T13:38:28","date_gmt":"2022-02-17T10:38:28","guid":{"rendered":"http:\/\/ertugrulsener.net\/?page_id=291"},"modified":"2022-02-17T13:39:46","modified_gmt":"2022-02-17T10:39:46","slug":"kvkk-basvuru-formu","status":"publish","type":"page","link":"http:\/\/ertugrulsener.net\/?page_id=291","title":{"rendered":"KVKK Ba\u015fvuru Formu"},"content":{"rendered":"<p><strong>K\u0130\u015e\u0130SEL VER\u0130LER\u0130N KORUNMASI KANUNU UYARINCA BA\u015eVURU FORMU<\/strong><\/p>\n<p><strong>A- Ba\u015fvuruda bulunan veri sahibinin ileti\u015fim bilgileri:<\/strong><\/p>\n<ul class=\"wp-block-list\">\n<li>Ad\u0131 Soyad\u0131:<\/li>\n<li>T.C. Kimlik Numaras\u0131:<\/li>\n<li>Cep Telefonu:<\/li>\n<li>E-posta adresi: Ev Telefonu:<\/li>\n<li>Adres:<\/li>\n<\/ul>\n<p><strong>B- Ba\u015fvuruyu veri sahibi ad\u0131na yapan yetkili ki\u015finin ileti\u015fim bilgileri:<\/strong><\/p>\n<ul class=\"wp-block-list\">\n<li>Ad\u0131 Soyad\u0131:<\/li>\n<li>T.C. Kimlik Numaras\u0131:<\/li>\n<li>Cep Telefonu:<\/li>\n<li>E-posta adresi: Ev Telefonu:<\/li>\n<li>Adres:<\/li>\n<\/ul>\n<p><strong>C- Talep ve istekler:<\/strong><\/p>\n<p><strong>Mevcut Konumunuz<\/strong><\/p>\n<ul class=\"wp-block-list\">\n<li>\u2610 Hasta<\/li>\n<li>\u2610 Hasta yak\u0131n\u0131<\/li>\n<li>\u2610 \u00c7al\u0131\u015fan<\/li>\n<li>\u2610 Eski \u00c7al\u0131\u015fan<\/li>\n<li>\u2610 Di\u011fer<\/li>\n<\/ul>\n<p><strong>D- Talepleriniz:<\/strong><\/p>\n<figure class=\"wp-block-table\">\n<table>\n<tbody>\n<tr>\n<td>1- Kurumunuz nezdinde ki\u015fisel verilerim i\u015fleniyor mu?<\/td>\n<\/tr>\n<tr>\n<td>2- Ki\u015fisel verilerimin i\u015flenme faaliyetleri nelerdir?<\/td>\n<\/tr>\n<tr>\n<td>3- Ki\u015fisel verilerimin i\u015flenme amac\u0131 nedir?<\/td>\n<\/tr>\n<tr>\n<td>4- Ki\u015fisel verilerim yurt i\u00e7inde veya d\u0131\u015f\u0131nda \u00fc\u00e7\u00fcnc\u00fc ki\u015filere aktar\u0131l\u0131yor mu?<\/td>\n<\/tr>\n<tr>\n<td>5- Ki\u015fisel verilerime ili\u015fkin a\u015fa\u011f\u0131da belirtti\u011fim \u015fekilde d\u00fczeltme talebim bulunmaktad\u0131r.<\/td>\n<\/tr>\n<tr>\n<td>(Bu talebinizi d\u00fczeltme talebinizin oldu\u011fu bilgileri a\u00e7\u0131k\u00e7a belirterek ve do\u011fru veya tamamlay\u0131c\u0131 bilgileri g\u00f6steren belgeleri ibraz ederek y\u00f6neltmeniz gerekmektedir.)<\/td>\n<\/tr>\n<tr>\n<td>6- A\u015fa\u011f\u0131da belirtti\u011fim ki\u015fisel verilerime ili\u015fkin silme talebim bulunmaktad\u0131r. (Sebebinin belirtilmesi gerekmektedir.)<\/td>\n<\/tr>\n<tr>\n<td>7- A\u015fa\u011f\u0131da belirtti\u011fim ki\u015fisel verilerime ili\u015fkin anonimle\u015ftirme talebim bulunmaktad\u0131r. (Sebebinin belirtilmesi gerekmektedir.)<\/td>\n<\/tr>\n<tr>\n<td>8- D\u00fczeltme ve\/veya silme talebimin a\u015fa\u011f\u0131da belirtilen ki\u015filere bildirilmesi talebim bulunmaktad\u0131r.<\/td>\n<\/tr>\n<tr>\n<td>9- Ki\u015fisel bilgilerimin yasal zorunluluk haricinde hi\u00e7 kimseyle payla\u015f\u0131lmamas\u0131n\u0131 talep ediyorum.<\/td>\n<\/tr>\n<tr>\n<td>10- E\u011fitim, te\u015fhis, takip ve bilimsel ama\u00e7l\u0131 olarak kimlik bilgilerimin gizli tutularak klinik foto\u011fraflar\u0131m\u0131n \u00e7ekilebilece\u011fi ve klinik verilerle beraber tan\u0131, bilimsel, e\u011fitim veya ara\u015ft\u0131rma ama\u00e7l\u0131 kullan\u0131labilmesine izin veriyorum.<\/td>\n<\/tr>\n<tr>\n<td>11- Ki\u015fisel bilgilerimin Sa\u011fl\u0131k Bakanl\u0131\u011f\u0131 ile payla\u015f\u0131lmas\u0131n\u0131 talep ediyorum.<\/td>\n<\/tr>\n<tr>\n<td>12- Ki\u015fisel verilerimin kanuna ayk\u0131r\u0131 i\u015flenmesi nedeniyle u\u011frad\u0131\u011f\u0131m zarar\u0131n tazminini talep ediyorum. (Bu talebinizin gerek\u00e7esini ve u\u011frad\u0131\u011f\u0131n\u0131z\u0131 d\u00fc\u015f\u00fcnd\u00fc\u011f\u00fcn\u00fcz zarar\u0131 a\u015fa\u011f\u0131daki bo\u015flukta belirtiniz; bu hususlara ili\u015fkin tevsik edici bilgi ve belgelere (\u00f6rnek; Ki\u015fisel Verilerin Korunmas\u0131 Kurulu veya mahkeme kararlar\u0131) l\u00fctfen Ba\u015fvuru Formu ekinde yer veriniz.)<\/td>\n<\/tr>\n<\/tbody>\n<\/table>\n<\/figure>\n<p><strong>A\u00c7IKLAMALAR<\/strong><\/p>\n<p>Ba\u015fvurunuza Verilecek Yan\u0131t\u0131n Taraf\u0131n\u0131za Bildirilme Y\u00f6ntemi<\/p>\n<ul class=\"wp-block-list\">\n<li>Yukar\u0131da belirtmi\u015f oldu\u011fum adresime g\u00f6nderilmesini istiyorum<\/li>\n<li>Yukar\u0131da belirtmi\u015f oldu\u011fum E-posta adresime g\u00f6nderilmesini istiyorum.<\/li>\n<li>&nbsp;Elden teslim almak istiyorum. (Vek\u00e2leten teslim al\u0131nmas\u0131 durumunda noter tasdikli vek\u00e2letname veya yetki belgesi olmas\u0131 gerekmektedir.)<\/li>\n<\/ul>\n<p>\u0130lgili Ki\u015fi<\/p>\n<p>Ad-Soyad<\/p>\n<p>Tarih- \u0130mza<\/p>\n","protected":false},"excerpt":{"rendered":"<p>K\u0130\u015e\u0130SEL VER\u0130LER\u0130N KORUNMASI KANUNU UYARINCA BA\u015eVURU FORMU A- Ba\u015fvuruda bulunan veri sahibinin ileti\u015fim bilgileri: Ad\u0131 Soyad\u0131: T.C. Kimlik Numaras\u0131: Cep Telefonu: E-posta adresi: Ev Telefonu: Adres: B- Ba\u015fvuruyu veri sahibi ad\u0131na yapan yetkili ki\u015finin ileti\u015fim bilgileri: Ad\u0131 Soyad\u0131: T.C. Kimlik &hellip; <a href=\"http:\/\/ertugrulsener.net\/?page_id=291\">Continue reading <span class=\"meta-nav\">&rarr;<\/span><\/a><\/p>\n","protected":false},"author":1,"featured_media":0,"parent":0,"menu_order":0,"comment_status":"closed","ping_status":"closed","template":"","meta":{"footnotes":""},"class_list":["post-291","page","type-page","status-publish","hentry"],"_links":{"self":[{"href":"http:\/\/ertugrulsener.net\/index.php?rest_route=\/wp\/v2\/pages\/291","targetHints":{"allow":["GET"]}}],"collection":[{"href":"http:\/\/ertugrulsener.net\/index.php?rest_route=\/wp\/v2\/pages"}],"about":[{"href":"http:\/\/ertugrulsener.net\/index.php?rest_route=\/wp\/v2\/types\/page"}],"author":[{"embeddable":true,"href":"http:\/\/ertugrulsener.net\/index.php?rest_route=\/wp\/v2\/users\/1"}],"replies":[{"embeddable":true,"href":"http:\/\/ertugrulsener.net\/index.php?rest_route=%2Fwp%2Fv2%2Fcomments&post=291"}],"version-history":[{"count":1,"href":"http:\/\/ertugrulsener.net\/index.php?rest_route=\/wp\/v2\/pages\/291\/revisions"}],"predecessor-version":[{"id":292,"href":"http:\/\/ertugrulsener.net\/index.php?rest_route=\/wp\/v2\/pages\/291\/revisions\/292"}],"wp:attachment":[{"href":"http:\/\/ertugrulsener.net\/index.php?rest_route=%2Fwp%2Fv2%2Fmedia&parent=291"}],"curies":[{"name":"wp","href":"https:\/\/api.w.org\/{rel}","templated":true}]}}