{"id":17,"date":"2013-09-21T23:20:49","date_gmt":"2013-09-21T20:20:49","guid":{"rendered":"http:\/\/ertugrulsener.net\/?page_id=17"},"modified":"2022-02-17T14:22:33","modified_gmt":"2022-02-17T11:22:33","slug":"ozgecmis","status":"publish","type":"page","link":"http:\/\/ertugrulsener.net\/?page_id=17","title":{"rendered":"\u00d6zge\u00e7mi\u015f"},"content":{"rendered":"<p><a href=\"http:\/\/ertugrulsener.net\/wp-content\/uploads\/2022\/02\/DSC01562.jpeg\"><img loading=\"lazy\" decoding=\"async\" class=\"wp-image-316  alignleft\" src=\"http:\/\/ertugrulsener.net\/wp-content\/uploads\/2022\/02\/DSC01562-300x225.jpeg\" alt=\"\" width=\"372\" height=\"279\" srcset=\"http:\/\/ertugrulsener.net\/wp-content\/uploads\/2022\/02\/DSC01562-300x225.jpeg 300w, http:\/\/ertugrulsener.net\/wp-content\/uploads\/2022\/02\/DSC01562-400x300.jpeg 400w, http:\/\/ertugrulsener.net\/wp-content\/uploads\/2022\/02\/DSC01562.jpeg 600w\" sizes=\"auto, (max-width: 372px) 100vw, 372px\" \/><\/a><\/p>\n<table border=\"0\" width=\"591\" cellspacing=\"0\" cellpadding=\"0\">\n<tbody>\n<tr>\n<td valign=\"top\" width=\"90\">\n<div>\n<p><strong>\u0130LET\u0130\u015e\u0130M B\u0130LG\u0130LER\u0130<\/strong><\/p>\n<\/div>\n<\/td>\n<td valign=\"top\" width=\"501\">\n<ul>\n<li>Adres:\u00a0\u00a0 Cinnah Caddesi Hava Sokak 2\/5 \u00c7ankaya, Ankara<\/li>\n<li>Telefon:\u00a0 0312 441 73 83<\/li>\n<li>Fax:\u00a0 \u00a0 \u00a0 \u00a00312 441 11 14<\/li>\n<li>E-mail:\u00a0\u00a0 <a href=\"mailto:ertugrul_sener@yahoo.com\">ertugrul_sener@yahoo.com<\/a><\/li>\n<\/ul>\n<\/td>\n<\/tr>\n<tr>\n<td valign=\"top\" width=\"90\">\n<div>\n<p><strong>E\u011e\u0130T\u0130M<\/strong><\/p>\n<\/div>\n<\/td>\n<td valign=\"top\" width=\"501\">\n<ul>\n<li>1972 \u2013 1975\u00a0\u00a0\u00a0 Samsun Koleji Lise, Samsun<\/li>\n<li>1976 \u2013 1980\u00a0\u00a0\u00a0 Hacettepe Universitesi Samsun T\u0131p Fak\u00fcltesi, Ankara<\/li>\n<li>1980 \u2013 1982\u00a0\u00a0\u00a0 19 May\u0131s Universitesi Samsun T\u0131p Fak\u00fcltesi, Samsun<\/li>\n<li>1987 \u2013 1991\u00a0\u00a0\u00a0 Gazi Universitesi T\u0131p Fak\u00fcltesi, Ara\u015ft\u0131rma G\u00f6revlisi, Ankara<\/li>\n<li>1994\u00a0\u00a0\u00a0\u00a0\u00a0\u00a0\u00a0\u00a0\u00a0\u00a0\u00a0\u00a0\u00a0\u00a0\u00a0 ABD, Texas \u2013 Dallas \u201cScottish Rite Orthopaedics Hospital\u201d<\/li>\n<\/ul>\n<\/td>\n<\/tr>\n<tr>\n<td valign=\"top\" width=\"90\">\n<div>\n<p><strong>MESLEK YA\u015eANTISI<\/strong><\/p>\n<\/div>\n<\/td>\n<td valign=\"top\" width=\"501\">\n<ul>\n<li>1982 \u2013 1985\u00a0\u00a0\u00a0 Yunak, Konya, Pratisyen hekim, zorunlu hizmet<\/li>\n<li>1985 \u2013 1986\u00a0\u00a0\u00a0 Erzurum, Askerlik g\u00f6revi<\/li>\n<li>1987 \u2013 Halen\u00a0 \u00a0Gazi Universitesi T\u0131p Fak\u00fcltesi Ortopedi ve Travmatoloji Ana Bilim Dal\u0131, Ankara<\/li>\n<\/ul>\n<ul>\n<li>1987 \u2013 1991\u00a0\u00a0\u00a0 Ara\u015ft\u0131rma\u00a0\u00a0 G\u00f6revlisi,<\/li>\n<li>1991\u2013 1993\u00a0\u00a0\u00a0\u00a0 \u00d6\u011fretim G\u00f6revlisi<\/li>\n<li>1993 \u2013 1995\u00a0\u00a0\u00a0 Yard\u0131mc\u0131 Do\u00e7ent Dr<\/li>\n<li>1995 \u2013 2001\u00a0\u00a0\u00a0 Do\u00e7ent Dr<\/li>\n<li>2001 \u2013 Halen\u00a0 \u00a0Profes\u00f6r<\/li>\n<li>2008 \u2013 2011\u00a0 \u00a0 Ortopedi ve Travmatoloji Anabilim Dal\u0131\u00a0 \u00a0 \u00a0 \u00a0 \u00a0 \u00a0 \u00a0 \u00a0 \u00a0 \u00a0 \u00a0 \u00a0 \u00a0 \u00a0 \u00a0 \u00a0 Ba\u015fkan\u0131<\/li>\n<\/ul>\n<p>2003 y\u0131l\u0131ndan itibaren k\u0131smi stat\u00fcde \u00f6\u011fretim \u00fcyesi olarak Gazi \u00dcniversitesi T\u0131p Fak\u00fcltesi Ortopedi ve Travmatoloji Anabilim Dal\u0131&#8217;nda e\u011fitim ve \u00f6\u011fretim faaliyetlerine devam etmektedir.<\/p>\n<p>Hasta muayene ve tedavilerini \u00f6zel muayenehanesinde ve \u00f6zel hastanelerde yapmaktad\u0131r.<\/td>\n<\/tr>\n<tr>\n<td valign=\"top\" width=\"90\">\n<div>\n<p>\u00a0<strong>\u00dcYEL\u0130KLER<\/strong><\/p>\n<\/div>\n<\/td>\n<td valign=\"top\" width=\"501\">\n<ul>\n<li>T\u00fcrk Ortopedi ve Travmatoloji Birli\u011fi (TOTB\u0130D)<\/li>\n<li>\u00c7ankaya Artroplasti Derne\u011fi Y\u00f6netim Kurul \u00dcyesi<\/li>\n<li>T\u00fcrkiye Spor Yaralanmalar\u0131 Artroskopi ve Diz Cerrahisi Derne\u011fi Y\u00f6netim Kurulu \u00dcyesi<\/li>\n<li>\u00c7ankaya Diz Cerrahisi, Artroskopi ve Spor Yaralanmalar\u0131 Derne\u011fi Ge\u00e7mi\u015f D\u00f6nem Ba\u015fkan\u0131<\/li>\n<li>Kal\u00e7a Diz Artroplasti Derne\u011fi Y\u00f6netim Kurulu \u00dcyesi<\/li>\n<li>Kal\u00e7a Diz Artroplasti Derne\u011fi (KADAD) Ba\u015fkan\u0131<\/li>\n<li>Societe Internationale de Chirurgie Orthopedique et de Traumatologie (SICOT)<\/li>\n<li>European Federation of Orthopedics and Traumatology (EFORT)<\/li>\n<li>European Hip Society International Arthroscopy Knee Orthopedic Surgery Society (ISAKOS)<\/li>\n<li>American Academy of Orthopedics and Traumatology (AAOS)<\/li>\n<\/ul>\n<\/td>\n<\/tr>\n<tr>\n<td valign=\"top\" width=\"90\">\n<div>\n<p><strong>B\u0130L\u0130MSEL DANI\u015eMANLIKLAR<\/strong><\/p>\n<\/div>\n<\/td>\n<td valign=\"top\" width=\"501\">\n<ul>\n<li>\u201c \u0130nsizyon \u201c Dergisi, Yay\u0131n Kurulu Dan\u0131\u015fmanl\u0131\u011f\u0131<\/li>\n<li>\u201cT\u00fcrkiye Klinikleri \u201c Dergisi, Yay\u0131n Kurulu Dan\u0131\u015fmanl\u0131\u011f\u0131<\/li>\n<li>\u201cHastane Enfeksiyonlar\u0131\u201d Dergisi Yay\u0131n Kurulu Dan\u0131\u015fmanl\u0131\u011f\u0131<\/li>\n<li>\u201cActa Orthopaedica Traumatologica Turcica\u201dBilimsel Hakem Kurulu<\/li>\n<li>\u201cOrthopedic Journal of Sport Medicine\u201d Bilimsel Hakem Kurulu<\/li>\n<li>&#8220;Gazi Medical Journal&#8221; Yay\u0131n Kurulu Dan\u0131\u015fmanl\u0131\u011f\u0131<\/li>\n<\/ul>\n<\/td>\n<\/tr>\n<tr>\n<td valign=\"top\" width=\"90\">\n<div>\n<p><strong>YABANCI D\u0130L<\/strong><\/p>\n<\/div>\n<\/td>\n<td valign=\"top\" width=\"501\">\u0130yi seviyede \u0130ngilizce<\/td>\n<\/tr>\n<tr>\n<td valign=\"top\" width=\"90\"><b>MESLEK\u0130 \u0130LG\u0130 ALANLARI<\/b><\/td>\n<td valign=\"top\" width=\"501\">\n<ul>\n<li>Diz Cerrahisi<\/li>\n<li>Kal\u00e7a Cerrahisi<\/li>\n<li>Menisk\u00fcs, K\u0131k\u0131rdak yaralanmalar\u0131<\/li>\n<li>\u00d6n \u00c7apraz Ba\u011f, diz ba\u011f yaralanmalar\u0131<\/li>\n<li>Diz ve Kal\u00e7a Artroplastisi ve Revizyonlar\u0131 (Eklem De\u011fi\u015ftirme, Protez ameliyatlar\u0131)<\/li>\n<li>El ve Ayak Cerrahisi<\/li>\n<li>Travma, K\u0131r\u0131k, \u00c7\u0131k\u0131k Tedavileri<\/li>\n<\/ul>\n<\/td>\n<\/tr>\n<\/tbody>\n<\/table>\n","protected":false},"excerpt":{"rendered":"<p>\u0130LET\u0130\u015e\u0130M B\u0130LG\u0130LER\u0130 Adres:\u00a0\u00a0 Cinnah Caddesi Hava Sokak 2\/5 \u00c7ankaya, Ankara Telefon:\u00a0 0312 441 73 83 Fax:\u00a0 \u00a0 \u00a0 \u00a00312 441 11 14 E-mail:\u00a0\u00a0 ertugrul_sener@yahoo.com E\u011e\u0130T\u0130M 1972 \u2013 1975\u00a0\u00a0\u00a0 Samsun Koleji Lise, Samsun 1976 \u2013 1980\u00a0\u00a0\u00a0 Hacettepe Universitesi Samsun T\u0131p Fak\u00fcltesi, &hellip; <a href=\"http:\/\/ertugrulsener.net\/?page_id=17\">Continue reading <span class=\"meta-nav\">&rarr;<\/span><\/a><\/p>\n","protected":false},"author":1,"featured_media":37,"parent":0,"menu_order":0,"comment_status":"open","ping_status":"open","template":"","meta":{"footnotes":""},"class_list":["post-17","page","type-page","status-publish","has-post-thumbnail","hentry"],"_links":{"self":[{"href":"http:\/\/ertugrulsener.net\/index.php?rest_route=\/wp\/v2\/pages\/17","targetHints":{"allow":["GET"]}}],"collection":[{"href":"http:\/\/ertugrulsener.net\/index.php?rest_route=\/wp\/v2\/pages"}],"about":[{"href":"http:\/\/ertugrulsener.net\/index.php?rest_route=\/wp\/v2\/types\/page"}],"author":[{"embeddable":true,"href":"http:\/\/ertugrulsener.net\/index.php?rest_route=\/wp\/v2\/users\/1"}],"replies":[{"embeddable":true,"href":"http:\/\/ertugrulsener.net\/index.php?rest_route=%2Fwp%2Fv2%2Fcomments&post=17"}],"version-history":[{"count":71,"href":"http:\/\/ertugrulsener.net\/index.php?rest_route=\/wp\/v2\/pages\/17\/revisions"}],"predecessor-version":[{"id":329,"href":"http:\/\/ertugrulsener.net\/index.php?rest_route=\/wp\/v2\/pages\/17\/revisions\/329"}],"wp:featuredmedia":[{"embeddable":true,"href":"http:\/\/ertugrulsener.net\/index.php?rest_route=\/wp\/v2\/media\/37"}],"wp:attachment":[{"href":"http:\/\/ertugrulsener.net\/index.php?rest_route=%2Fwp%2Fv2%2Fmedia&parent=17"}],"curies":[{"name":"wp","href":"https:\/\/api.w.org\/{rel}","templated":true}]}}